{"id":121,"date":"2019-06-23T13:23:21","date_gmt":"2019-06-23T11:23:21","guid":{"rendered":"http:\/\/www.bei-peppo.de\/?page_id=121"},"modified":"2023-02-18T12:11:45","modified_gmt":"2023-02-18T11:11:45","slug":"kontakt","status":"publish","type":"page","link":"https:\/\/www.bei-peppo.de\/?page_id=121","title":{"rendered":"Kontakt"},"content":{"rendered":"\n<p>Sie k\u00f6nnen uns wie folgt erreichen:<\/p>\n\n\n\n<p><\/p>\n\n\n\n<ul class=\"wp-block-list\">\n<li><strong>E-Mail:&nbsp;<\/strong><a href=\"mailto:info@bei-peppo.de\"><strong>info@bei-peppo.de<\/strong><\/a><strong> <\/strong><\/li>\n\n\n\n<li><strong>Telefon: +49 9531 5476<\/strong><\/li>\n\n\n\n<li><strong>Fax: +49 9531 4662<\/strong><\/li>\n<\/ul>\n\n\n\n<p>&#8230; oder f\u00fcllen sie einfach unser Kontaktformular aus.<\/p>\n\n\n\n<p>Wir freuen uns auf Ihre Mitteilung und setzen uns umgehend mit Ihnen in Verbindung.<\/p>\n\n\n\n<p class=\"has-small-font-size\"><strong>*<\/strong>&nbsp;Bitte f\u00fcllen Sie die mit einem Sternchen gekennzeichneten Felder auf jeden Fall aus, da wir diese ben\u00f6tigen um Ihre Angaben verarbeiten zu k\u00f6nnen. Vielen Dank! <\/p>\n\n\n\n<p class=\"has-small-font-size\"><\/p>\n\n\n<div class=\"everest-forms\"><div class=\"evf-container default\" id=\"evf-179\"><form id=\"evf-form-179\" class=\"everest-form\" data-formid=\"179\" data-ajax_submission=\"0\" data-keyboard_friendly_form=\"0\" data-form_state_type=\"\" method=\"post\" enctype=\"multipart\/form-data\" action=\"\/index.php?rest_route=%2Fwp%2Fv2%2Fpages%2F121\"><div class=\"evf-field-container\"><input type=\"hidden\" id=\"_wpnonce179\" name=\"_wpnonce179\" value=\"b80a7877a8\" \/><input type=\"hidden\" name=\"_wp_http_referer\" value=\"\/index.php?rest_route=%2Fwp%2Fv2%2Fpages%2F121\" \/><div class=\"evf-frontend-row\" data-row=\"row_1\" conditional_rules=\"[]\"><div class=\"evf-frontend-grid evf-grid-1\" data-grid=\"grid_1\"><div id=\"evf-179-field_fullname-container\" class=\"evf-field evf-field-text form-row validate-required\" data-required-field-message=\"Bitte f\u00fcllen Sie dieses Feld aus.\" data-field-id=\"fullname\"><label class=\"evf-field-label\" for=\"evf-179-field_fullname\"><span class=\"evf-label\">Name<\/span> <abbr class=\"required\" title=\"Required\">*<\/abbr><\/label><input type=\"text\" id=\"evf-179-field_fullname\" class=\"input-text\" name=\"everest_forms[form_fields][fullname]\" required><\/div><div id=\"evf-179-field_subject-container\" class=\"evf-field evf-field-text form-row\" data-field-id=\"subject\"><label class=\"evf-field-label\" for=\"evf-179-field_subject\"><span class=\"evf-label\">Firma<\/span> <\/label><input type=\"text\" id=\"evf-179-field_subject\" class=\"input-text\" name=\"everest_forms[form_fields][subject]\" ><\/div><div id=\"evf-179-field_06fabdfipK-1-container\" class=\"evf-field evf-field-text form-row\" data-field-id=\"06fabdfipK-1\"><label class=\"evf-field-label\" for=\"evf-179-field_06fabdfipK-1\"><span class=\"evf-label\">Adresse<\/span> <\/label><input type=\"text\" id=\"evf-179-field_06fabdfipK-1\" class=\"input-text\" name=\"everest_forms[form_fields][06fabdfipK-1]\" ><\/div><div id=\"evf-179-field_AHog3tWe4a-5-container\" class=\"evf-field evf-field-text form-row validate-required\" data-required-field-message=\"Bitte f\u00fcllen Sie dieses Feld aus.\" data-field-id=\"AHog3tWe4a-5\"><label class=\"evf-field-label\" for=\"evf-179-field_AHog3tWe4a-5\"><span class=\"evf-label\">Telefon<\/span> <abbr class=\"required\" title=\"Required\">*<\/abbr><\/label><input type=\"text\" id=\"evf-179-field_AHog3tWe4a-5\" class=\"input-text\" name=\"everest_forms[form_fields][AHog3tWe4a-5]\" required><\/div><div id=\"evf-179-field_email-container\" class=\"evf-field evf-field-email form-row validate-required validate-email\" data-required-field-message=\"Bitte erfassen Sie eine g\u00fcltige E-Mail-Adresse.\" data-field-id=\"email\"><label class=\"evf-field-label\" for=\"evf-179-field_email\"><span class=\"evf-label\">E-Mail<\/span> <abbr class=\"required\" title=\"Required\">*<\/abbr><\/label><input type=\"email\" id=\"evf-179-field_email\" class=\"input-text\" name=\"everest_forms[form_fields][email]\" required ><\/div><div id=\"evf-179-field_message-container\" class=\"evf-field evf-field-textarea form-row validate-required\" data-required-field-message=\"Bitte f\u00fcllen Sie dieses Feld aus.\" data-field-id=\"message\"><label class=\"evf-field-label\" for=\"evf-179-field_message\"><span class=\"evf-label\">Ihre Mitteilung<\/span> <abbr class=\"required\" title=\"Required\">*<\/abbr><\/label><textarea id=\"evf-179-field_message\" class=\"input-text\" name=\"everest_forms[form_fields][message]\" required ><\/textarea><\/div><\/div><\/div><\/div><div class=\"evf-honeypot-container evf-field-hp\"><label for=\"evf-179-field-hp\" class=\"evf-field-label\">Phone<\/label><input type=\"text\" name=\"everest_forms[hp]\" id=\"evf-179-field-hp\" class=\"input-text\"><\/div><div class=\"evf-submit-container \" ><input type=\"hidden\" name=\"everest_forms[id]\" value=\"179\"><input type=\"hidden\" name=\"everest_forms[author]\" value=\"1\"><button type='submit' name='everest_forms[submit]' class='everest-forms-submit-button button evf-submit ' id='evf-submit-179' value='evf-submit' data-process-text=\"Processing\u2026\" conditional_rules='&quot;&quot;' conditional_id='evf-submit-179'  id=\"evf-submit-179\" aria-live=\"assertive\">Absenden<\/button><\/div><\/form><\/div><!-- .evf-container --><\/div>\n","protected":false},"excerpt":{"rendered":"<p>Sie k\u00f6nnen uns wie folgt erreichen: &#8230; oder f\u00fcllen sie einfach unser Kontaktformular aus. Wir freuen uns auf Ihre Mitteilung und setzen uns umgehend mit Ihnen in Verbindung. *&nbsp;Bitte f\u00fcllen Sie die mit einem Sternchen gekennzeichneten Felder auf jeden Fall<\/p>\n","protected":false},"author":1,"featured_media":0,"parent":0,"menu_order":0,"comment_status":"closed","ping_status":"closed","template":"","meta":{"footnotes":""},"class_list":["post-121","page","type-page","status-publish","hentry"],"_links":{"self":[{"href":"https:\/\/www.bei-peppo.de\/index.php?rest_route=\/wp\/v2\/pages\/121","targetHints":{"allow":["GET"]}}],"collection":[{"href":"https:\/\/www.bei-peppo.de\/index.php?rest_route=\/wp\/v2\/pages"}],"about":[{"href":"https:\/\/www.bei-peppo.de\/index.php?rest_route=\/wp\/v2\/types\/page"}],"author":[{"embeddable":true,"href":"https:\/\/www.bei-peppo.de\/index.php?rest_route=\/wp\/v2\/users\/1"}],"replies":[{"embeddable":true,"href":"https:\/\/www.bei-peppo.de\/index.php?rest_route=%2Fwp%2Fv2%2Fcomments&post=121"}],"version-history":[{"count":18,"href":"https:\/\/www.bei-peppo.de\/index.php?rest_route=\/wp\/v2\/pages\/121\/revisions"}],"predecessor-version":[{"id":483,"href":"https:\/\/www.bei-peppo.de\/index.php?rest_route=\/wp\/v2\/pages\/121\/revisions\/483"}],"wp:attachment":[{"href":"https:\/\/www.bei-peppo.de\/index.php?rest_route=%2Fwp%2Fv2%2Fmedia&parent=121"}],"curies":[{"name":"wp","href":"https:\/\/api.w.org\/{rel}","templated":true}]}}