{"id":51,"date":"2019-06-22T09:11:15","date_gmt":"2019-06-22T07:11:15","guid":{"rendered":"http:\/\/www.bei-peppo.de\/?page_id=51"},"modified":"2021-12-22T16:55:11","modified_gmt":"2021-12-22T15:55:11","slug":"bauernstube","status":"publish","type":"page","link":"https:\/\/www.bei-peppo.de\/?page_id=51","title":{"rendered":"Bauernstube"},"content":{"rendered":"\n<p>Unsere original S\u00fcdtiroler Bauernstube ist der ideale Rahmen f\u00fcr Festlichkeiten aller Art. Ob Hochzeit, Geburtstag oder Kommunion und Konfirmation. Wir bieten bis zu 60 G\u00e4sten ein stilvolles Ambiente in rustikaler, gem\u00fctlicher Umgebung.<\/p>\n\n\n\n<figure class=\"wp-block-image\"><img loading=\"lazy\" decoding=\"async\" width=\"1024\" height=\"536\" src=\"https:\/\/www.bei-peppo.de\/wp-content\/uploads\/2019\/10\/peppo_bauern-5-1024x536.jpg\" alt=\"\" class=\"wp-image-265\" srcset=\"https:\/\/www.bei-peppo.de\/wp-content\/uploads\/2019\/10\/peppo_bauern-5-1024x536.jpg 1024w, https:\/\/www.bei-peppo.de\/wp-content\/uploads\/2019\/10\/peppo_bauern-5-300x157.jpg 300w, https:\/\/www.bei-peppo.de\/wp-content\/uploads\/2019\/10\/peppo_bauern-5-768x402.jpg 768w, https:\/\/www.bei-peppo.de\/wp-content\/uploads\/2019\/10\/peppo_bauern-5.jpg 1100w\" sizes=\"auto, (max-width: 1024px) 100vw, 1024px\" \/><\/figure>\n\n\n\n<p>Wir bereiten Ihnen auch gerne ein \u00dcberraschungsmen\u00fc mit 7 &#8211; 12 G\u00e4ngen!<\/p>\n\n\n\n<p>Melden Sie sich rechtzeitig an, damit Ihre Feier ein unvergessliches Erlebnis werden kann.&nbsp;<\/p>\n\n\n\n<figure class=\"wp-block-image\"><img loading=\"lazy\" decoding=\"async\" width=\"1024\" height=\"536\" src=\"https:\/\/www.bei-peppo.de\/wp-content\/uploads\/2019\/10\/peppo_bauern-4-1024x536.jpg\" alt=\"\" class=\"wp-image-264\" srcset=\"https:\/\/www.bei-peppo.de\/wp-content\/uploads\/2019\/10\/peppo_bauern-4-1024x536.jpg 1024w, https:\/\/www.bei-peppo.de\/wp-content\/uploads\/2019\/10\/peppo_bauern-4-300x157.jpg 300w, https:\/\/www.bei-peppo.de\/wp-content\/uploads\/2019\/10\/peppo_bauern-4-768x402.jpg 768w, https:\/\/www.bei-peppo.de\/wp-content\/uploads\/2019\/10\/peppo_bauern-4.jpg 1100w\" sizes=\"auto, (max-width: 1024px) 100vw, 1024px\" \/><\/figure>\n","protected":false},"excerpt":{"rendered":"<p>Unsere original S\u00fcdtiroler Bauernstube ist der ideale Rahmen f\u00fcr Festlichkeiten aller Art. Ob Hochzeit, Geburtstag oder Kommunion und Konfirmation. Wir bieten bis zu 60 G\u00e4sten ein stilvolles Ambiente in rustikaler, gem\u00fctlicher Umgebung.<\/p>\n","protected":false},"author":1,"featured_media":383,"parent":0,"menu_order":0,"comment_status":"closed","ping_status":"closed","template":"","meta":{"footnotes":""},"class_list":["post-51","page","type-page","status-publish","has-post-thumbnail","hentry"],"_links":{"self":[{"href":"https:\/\/www.bei-peppo.de\/index.php?rest_route=\/wp\/v2\/pages\/51","targetHints":{"allow":["GET"]}}],"collection":[{"href":"https:\/\/www.bei-peppo.de\/index.php?rest_route=\/wp\/v2\/pages"}],"about":[{"href":"https:\/\/www.bei-peppo.de\/index.php?rest_route=\/wp\/v2\/types\/page"}],"author":[{"embeddable":true,"href":"https:\/\/www.bei-peppo.de\/index.php?rest_route=\/wp\/v2\/users\/1"}],"replies":[{"embeddable":true,"href":"https:\/\/www.bei-peppo.de\/index.php?rest_route=%2Fwp%2Fv2%2Fcomments&post=51"}],"version-history":[{"count":5,"href":"https:\/\/www.bei-peppo.de\/index.php?rest_route=\/wp\/v2\/pages\/51\/revisions"}],"predecessor-version":[{"id":266,"href":"https:\/\/www.bei-peppo.de\/index.php?rest_route=\/wp\/v2\/pages\/51\/revisions\/266"}],"wp:featuredmedia":[{"embeddable":true,"href":"https:\/\/www.bei-peppo.de\/index.php?rest_route=\/wp\/v2\/media\/383"}],"wp:attachment":[{"href":"https:\/\/www.bei-peppo.de\/index.php?rest_route=%2Fwp%2Fv2%2Fmedia&parent=51"}],"curies":[{"name":"wp","href":"https:\/\/api.w.org\/{rel}","templated":true}]}}