{"id":57,"date":"2019-06-22T09:16:00","date_gmt":"2019-06-22T07:16:00","guid":{"rendered":"http:\/\/www.bei-peppo.de\/?page_id=57"},"modified":"2019-06-30T16:00:55","modified_gmt":"2019-06-30T14:00:55","slug":"gaststube","status":"publish","type":"page","link":"https:\/\/www.bei-peppo.de\/?page_id=57","title":{"rendered":"Gaststube"},"content":{"rendered":"\n<p>In unserem stilvoll und mit viel Holz eingerichteten Gastzimmer laden wir Sie herzlich ein bei gutem Essen ein paar sch\u00f6ne Stunden zu verbringen.<\/p>\n\n\n\n<figure class=\"wp-block-image\"><img loading=\"lazy\" decoding=\"async\" width=\"1024\" height=\"300\" src=\"https:\/\/www.bei-peppo.de\/wp-content\/uploads\/2019\/06\/peppo_resto_03-1024x300.jpg\" alt=\"\" class=\"wp-image-229\" srcset=\"https:\/\/www.bei-peppo.de\/wp-content\/uploads\/2019\/06\/peppo_resto_03-1024x300.jpg 1024w, https:\/\/www.bei-peppo.de\/wp-content\/uploads\/2019\/06\/peppo_resto_03-300x88.jpg 300w, https:\/\/www.bei-peppo.de\/wp-content\/uploads\/2019\/06\/peppo_resto_03-768x225.jpg 768w, https:\/\/www.bei-peppo.de\/wp-content\/uploads\/2019\/06\/peppo_resto_03.jpg 1100w\" sizes=\"auto, (max-width: 1024px) 100vw, 1024px\" \/><\/figure>\n\n\n\n<p>Sei es am gem\u00fctlichen Kachelofen, in einem romantischen Eckchen , oder auch mit Blick auf das eifrige Treiben in der K\u00fcche. Wir haben auch f\u00fcr Sie sicher einen Platz der Ihnen gefallen wird.<\/p>\n\n\n\n<p>Und sollte auch einmal etwas weniger Andrang herrschen, k\u00f6nnen Sie hier sogar mit Peppo selbst ein Schw\u00e4tzchen \u00fcber seine kulinarischen Ideen halten.&nbsp;<\/p>\n","protected":false},"excerpt":{"rendered":"<p>In unserem stilvoll und mit viel Holz eingerichteten Gastzimmer laden wir Sie herzlich ein bei gutem Essen ein paar sch\u00f6ne Stunden zu verbringen. Sei es am gem\u00fctlichen Kachelofen, in einem romantischen Eckchen , oder auch mit Blick auf das eifrige<\/p>\n","protected":false},"author":1,"featured_media":17,"parent":0,"menu_order":0,"comment_status":"closed","ping_status":"closed","template":"","meta":{"footnotes":""},"class_list":["post-57","page","type-page","status-publish","has-post-thumbnail","hentry"],"_links":{"self":[{"href":"https:\/\/www.bei-peppo.de\/index.php?rest_route=\/wp\/v2\/pages\/57","targetHints":{"allow":["GET"]}}],"collection":[{"href":"https:\/\/www.bei-peppo.de\/index.php?rest_route=\/wp\/v2\/pages"}],"about":[{"href":"https:\/\/www.bei-peppo.de\/index.php?rest_route=\/wp\/v2\/types\/page"}],"author":[{"embeddable":true,"href":"https:\/\/www.bei-peppo.de\/index.php?rest_route=\/wp\/v2\/users\/1"}],"replies":[{"embeddable":true,"href":"https:\/\/www.bei-peppo.de\/index.php?rest_route=%2Fwp%2Fv2%2Fcomments&post=57"}],"version-history":[{"count":3,"href":"https:\/\/www.bei-peppo.de\/index.php?rest_route=\/wp\/v2\/pages\/57\/revisions"}],"predecessor-version":[{"id":230,"href":"https:\/\/www.bei-peppo.de\/index.php?rest_route=\/wp\/v2\/pages\/57\/revisions\/230"}],"wp:featuredmedia":[{"embeddable":true,"href":"https:\/\/www.bei-peppo.de\/index.php?rest_route=\/wp\/v2\/media\/17"}],"wp:attachment":[{"href":"https:\/\/www.bei-peppo.de\/index.php?rest_route=%2Fwp%2Fv2%2Fmedia&parent=57"}],"curies":[{"name":"wp","href":"https:\/\/api.w.org\/{rel}","templated":true}]}}