{"id":58,"date":"2019-06-22T09:16:00","date_gmt":"2019-06-22T07:16:00","guid":{"rendered":"http:\/\/www.bei-peppo.de\/?page_id=58"},"modified":"2019-06-30T16:07:12","modified_gmt":"2019-06-30T14:07:12","slug":"biergarten","status":"publish","type":"page","link":"https:\/\/www.bei-peppo.de\/?page_id=58","title":{"rendered":"Biergarten"},"content":{"rendered":"\n<p>Richtig sch\u00f6ne Biergarten-Atmosph\u00e4re k\u00f6nnen Sie im Sommer bei Peppo genie\u00dfen. Frisch gezapftes Bier und Pizza aus dem original S\u00fcdtiroler Holzofen schmecken im Freien unter schatten-spendenden B\u00e4umen noch einmal so gut.<\/p>\n\n\n\n<figure class=\"wp-block-image\"><img loading=\"lazy\" decoding=\"async\" width=\"1024\" height=\"486\" src=\"https:\/\/www.bei-peppo.de\/wp-content\/uploads\/2019\/06\/peppo_garten_01-1024x486.jpg\" alt=\"\" class=\"wp-image-233\" srcset=\"https:\/\/www.bei-peppo.de\/wp-content\/uploads\/2019\/06\/peppo_garten_01-1024x486.jpg 1024w, https:\/\/www.bei-peppo.de\/wp-content\/uploads\/2019\/06\/peppo_garten_01-300x142.jpg 300w, https:\/\/www.bei-peppo.de\/wp-content\/uploads\/2019\/06\/peppo_garten_01-768x364.jpg 768w, https:\/\/www.bei-peppo.de\/wp-content\/uploads\/2019\/06\/peppo_garten_01.jpg 1100w\" sizes=\"auto, (max-width: 1024px) 100vw, 1024px\" \/><\/figure>\n\n\n\n<p>Bis sp\u00e4t in den Abend hinein k\u00f6nnen Sie hier mit Freunden und Bekannten sch\u00f6ne Sommerabende verbringen.<\/p>\n\n\n\n<figure class=\"wp-block-image\"><img loading=\"lazy\" decoding=\"async\" width=\"1024\" height=\"608\" src=\"https:\/\/www.bei-peppo.de\/wp-content\/uploads\/2019\/06\/peppo_garten_02-1024x608.jpg\" alt=\"\" class=\"wp-image-234\" srcset=\"https:\/\/www.bei-peppo.de\/wp-content\/uploads\/2019\/06\/peppo_garten_02-1024x608.jpg 1024w, https:\/\/www.bei-peppo.de\/wp-content\/uploads\/2019\/06\/peppo_garten_02-300x178.jpg 300w, https:\/\/www.bei-peppo.de\/wp-content\/uploads\/2019\/06\/peppo_garten_02-768x456.jpg 768w, https:\/\/www.bei-peppo.de\/wp-content\/uploads\/2019\/06\/peppo_garten_02.jpg 1100w\" sizes=\"auto, (max-width: 1024px) 100vw, 1024px\" \/><\/figure>\n","protected":false},"excerpt":{"rendered":"<p>Richtig sch\u00f6ne Biergarten-Atmosph\u00e4re k\u00f6nnen Sie im Sommer bei Peppo genie\u00dfen. Frisch gezapftes Bier und Pizza aus dem original S\u00fcdtiroler Holzofen schmecken im Freien unter schatten-spendenden B\u00e4umen noch einmal so gut. Bis sp\u00e4t in den Abend hinein k\u00f6nnen Sie hier mit<\/p>\n","protected":false},"author":1,"featured_media":17,"parent":0,"menu_order":0,"comment_status":"closed","ping_status":"closed","template":"","meta":{"footnotes":""},"class_list":["post-58","page","type-page","status-publish","has-post-thumbnail","hentry"],"_links":{"self":[{"href":"https:\/\/www.bei-peppo.de\/index.php?rest_route=\/wp\/v2\/pages\/58","targetHints":{"allow":["GET"]}}],"collection":[{"href":"https:\/\/www.bei-peppo.de\/index.php?rest_route=\/wp\/v2\/pages"}],"about":[{"href":"https:\/\/www.bei-peppo.de\/index.php?rest_route=\/wp\/v2\/types\/page"}],"author":[{"embeddable":true,"href":"https:\/\/www.bei-peppo.de\/index.php?rest_route=\/wp\/v2\/users\/1"}],"replies":[{"embeddable":true,"href":"https:\/\/www.bei-peppo.de\/index.php?rest_route=%2Fwp%2Fv2%2Fcomments&post=58"}],"version-history":[{"count":3,"href":"https:\/\/www.bei-peppo.de\/index.php?rest_route=\/wp\/v2\/pages\/58\/revisions"}],"predecessor-version":[{"id":235,"href":"https:\/\/www.bei-peppo.de\/index.php?rest_route=\/wp\/v2\/pages\/58\/revisions\/235"}],"wp:featuredmedia":[{"embeddable":true,"href":"https:\/\/www.bei-peppo.de\/index.php?rest_route=\/wp\/v2\/media\/17"}],"wp:attachment":[{"href":"https:\/\/www.bei-peppo.de\/index.php?rest_route=%2Fwp%2Fv2%2Fmedia&parent=58"}],"curies":[{"name":"wp","href":"https:\/\/api.w.org\/{rel}","templated":true}]}}