{"id":7,"date":"2019-06-21T16:50:05","date_gmt":"2019-06-21T14:50:05","guid":{"rendered":"http:\/\/www.bei-peppo.de\/?page_id=7"},"modified":"2019-06-30T15:59:17","modified_gmt":"2019-06-30T13:59:17","slug":"unser-restaurant","status":"publish","type":"page","link":"https:\/\/www.bei-peppo.de\/?page_id=7","title":{"rendered":"Restaurant"},"content":{"rendered":"\n<p>Wir freuen uns, Sie in unserem Restaurant, im Biergarten oder in der neu erbauten Fr\u00fchst\u00fcckspension begr\u00fcssen zu d\u00fcrfen.<\/p>\n\n\n\n<p>F\u00fcr gutes Essen in einem gem\u00fctlichen und ansprechenden Ambiente ist unser Restaurant weit \u00fcber die Grenzen Eberns hinaus bekannt.<\/p>\n\n\n\n<figure class=\"wp-block-image\"><img loading=\"lazy\" decoding=\"async\" width=\"1024\" height=\"363\" src=\"https:\/\/www.bei-peppo.de\/wp-content\/uploads\/2019\/06\/peppo_resto_01-1024x363.jpg\" alt=\"\" class=\"wp-image-225\" srcset=\"https:\/\/www.bei-peppo.de\/wp-content\/uploads\/2019\/06\/peppo_resto_01-1024x363.jpg 1024w, https:\/\/www.bei-peppo.de\/wp-content\/uploads\/2019\/06\/peppo_resto_01-300x106.jpg 300w, https:\/\/www.bei-peppo.de\/wp-content\/uploads\/2019\/06\/peppo_resto_01-768x272.jpg 768w, https:\/\/www.bei-peppo.de\/wp-content\/uploads\/2019\/06\/peppo_resto_01.jpg 1100w\" sizes=\"auto, (max-width: 1024px) 100vw, 1024px\" \/><\/figure>\n\n\n\n<p>Bereits seit 1970 ist unser idyllisch gelegenes Restaurant nicht zuletzt wegen der famili\u00e4ren Atmosph\u00e4re bei vielen Stammg\u00e4sten sehr beliebt.<\/p>\n\n\n\n<p>W\u00e4hrend wir Sie das ganze Jahr \u00fcber in unserer Gaststube und in der original S\u00fcdtiroler Bauernstube begr\u00fc\u00dfen d\u00fcrfen, k\u00f6nnen wir Sie in den Sommermonaten auch in unserem urigen Biergarten bei schmackhafter Holzofenpizza und einem Kellerbier willkommen hei\u00dfen.<\/p>\n\n\n\n<figure class=\"wp-block-image\"><img loading=\"lazy\" decoding=\"async\" width=\"1024\" height=\"311\" src=\"https:\/\/www.bei-peppo.de\/wp-content\/uploads\/2019\/06\/peppo_resto_02-1024x311.jpg\" alt=\"\" class=\"wp-image-227\" srcset=\"https:\/\/www.bei-peppo.de\/wp-content\/uploads\/2019\/06\/peppo_resto_02-1024x311.jpg 1024w, https:\/\/www.bei-peppo.de\/wp-content\/uploads\/2019\/06\/peppo_resto_02-300x91.jpg 300w, https:\/\/www.bei-peppo.de\/wp-content\/uploads\/2019\/06\/peppo_resto_02-768x233.jpg 768w, https:\/\/www.bei-peppo.de\/wp-content\/uploads\/2019\/06\/peppo_resto_02.jpg 1100w\" sizes=\"auto, (max-width: 1024px) 100vw, 1024px\" \/><\/figure>\n","protected":false},"excerpt":{"rendered":"<p>Wir freuen uns, Sie in unserem Restaurant, im Biergarten oder in der urgem\u00fctlichen Bauernstube begr\u00fcssen zu d\u00fcrfen.<\/p>\n<p>F\u00fcr gutes Essen in einem gem\u00fctlichen und ansprechenden Ambiente ist unser Restaurant weit \u00fcber die Grenzen Eberns hinaus bekannt.<\/p>\n","protected":false},"author":1,"featured_media":212,"parent":0,"menu_order":0,"comment_status":"closed","ping_status":"closed","template":"","meta":{"footnotes":""},"class_list":["post-7","page","type-page","status-publish","has-post-thumbnail","hentry"],"_links":{"self":[{"href":"https:\/\/www.bei-peppo.de\/index.php?rest_route=\/wp\/v2\/pages\/7","targetHints":{"allow":["GET"]}}],"collection":[{"href":"https:\/\/www.bei-peppo.de\/index.php?rest_route=\/wp\/v2\/pages"}],"about":[{"href":"https:\/\/www.bei-peppo.de\/index.php?rest_route=\/wp\/v2\/types\/page"}],"author":[{"embeddable":true,"href":"https:\/\/www.bei-peppo.de\/index.php?rest_route=\/wp\/v2\/users\/1"}],"replies":[{"embeddable":true,"href":"https:\/\/www.bei-peppo.de\/index.php?rest_route=%2Fwp%2Fv2%2Fcomments&post=7"}],"version-history":[{"count":6,"href":"https:\/\/www.bei-peppo.de\/index.php?rest_route=\/wp\/v2\/pages\/7\/revisions"}],"predecessor-version":[{"id":228,"href":"https:\/\/www.bei-peppo.de\/index.php?rest_route=\/wp\/v2\/pages\/7\/revisions\/228"}],"wp:featuredmedia":[{"embeddable":true,"href":"https:\/\/www.bei-peppo.de\/index.php?rest_route=\/wp\/v2\/media\/212"}],"wp:attachment":[{"href":"https:\/\/www.bei-peppo.de\/index.php?rest_route=%2Fwp%2Fv2%2Fmedia&parent=7"}],"curies":[{"name":"wp","href":"https:\/\/api.w.org\/{rel}","templated":true}]}}