{"id":85,"date":"2019-06-22T10:14:46","date_gmt":"2019-06-22T08:14:46","guid":{"rendered":"http:\/\/www.bei-peppo.de\/?page_id=85"},"modified":"2019-09-12T15:15:54","modified_gmt":"2019-09-12T13:15:54","slug":"startseitebusiness","status":"publish","type":"page","link":"https:\/\/www.bei-peppo.de\/","title":{"rendered":"StartseiteBusiness"},"content":{"rendered":"\n<p>\u00c4nderungen an der Startseite erfolgen \u00fcber die Widgets (Business-Seitenleiste). Dort kann auch per &#8222;text&#8220; Widget Urlaub etc. erg\u00e4nzt werden. Beispiel:<\/p>\n\n\n\n<p><strong>Vom 19.08.2019 bis einschlie\u00dflich 12.09.2019 haben wir Betriebsurlaub.&nbsp;<\/strong>Ab Freitag, 13.09.2019 sind wir wieder f\u00fcr Sie da!<\/p>\n\n\n\n<p>Ihr Team &#8222;Restaurant &amp; Fr\u00fchst\u00fcckspension bei Peppo&#8220;<\/p>\n","protected":false},"excerpt":{"rendered":"<p>\u00c4nderungen an der Startseite erfolgen \u00fcber die Widgets (Business-Seitenleiste). Dort kann auch per &#8222;text&#8220; Widget Urlaub etc. erg\u00e4nzt werden. Beispiel: Vom 19.08.2019 bis einschlie\u00dflich 12.09.2019 haben wir Betriebsurlaub.&nbsp;Ab Freitag, 13.09.2019 sind wir wieder f\u00fcr Sie da! Ihr Team &#8222;Restaurant &amp;<\/p>\n","protected":false},"author":1,"featured_media":0,"parent":0,"menu_order":0,"comment_status":"closed","ping_status":"closed","template":"page-templates\/business.php","meta":{"footnotes":""},"class_list":["post-85","page","type-page","status-publish","hentry"],"_links":{"self":[{"href":"https:\/\/www.bei-peppo.de\/index.php?rest_route=\/wp\/v2\/pages\/85","targetHints":{"allow":["GET"]}}],"collection":[{"href":"https:\/\/www.bei-peppo.de\/index.php?rest_route=\/wp\/v2\/pages"}],"about":[{"href":"https:\/\/www.bei-peppo.de\/index.php?rest_route=\/wp\/v2\/types\/page"}],"author":[{"embeddable":true,"href":"https:\/\/www.bei-peppo.de\/index.php?rest_route=\/wp\/v2\/users\/1"}],"replies":[{"embeddable":true,"href":"https:\/\/www.bei-peppo.de\/index.php?rest_route=%2Fwp%2Fv2%2Fcomments&post=85"}],"version-history":[{"count":4,"href":"https:\/\/www.bei-peppo.de\/index.php?rest_route=\/wp\/v2\/pages\/85\/revisions"}],"predecessor-version":[{"id":258,"href":"https:\/\/www.bei-peppo.de\/index.php?rest_route=\/wp\/v2\/pages\/85\/revisions\/258"}],"wp:attachment":[{"href":"https:\/\/www.bei-peppo.de\/index.php?rest_route=%2Fwp%2Fv2%2Fmedia&parent=85"}],"curies":[{"name":"wp","href":"https:\/\/api.w.org\/{rel}","templated":true}]}}