{"id":9,"date":"2019-06-21T16:50:30","date_gmt":"2019-06-21T14:50:30","guid":{"rendered":"http:\/\/www.bei-peppo.de\/?page_id=9"},"modified":"2022-02-11T08:24:04","modified_gmt":"2022-02-11T07:24:04","slug":"unsere-pension","status":"publish","type":"page","link":"https:\/\/www.bei-peppo.de\/?page_id=9","title":{"rendered":"Ferienwohnung"},"content":{"rendered":"\n<blockquote class=\"wp-block-quote is-layout-flow wp-block-quote-is-layout-flow\"><p>Der Gast steht im Mittelpunkt.<\/p><\/blockquote>\n\n\n\n<p>Unter diesem Motto d\u00fcrfen wir Sie in unserer gem\u00fctlichen Ferienwohnung herzlich willkommen hei\u00dfen. Famili\u00e4re Atmosph\u00e4re und geschmackvoll eingerichtete Zimmer erwarten Sie.<\/p>\n\n\n\n<p>Insgesamt stehen in der Wohnung 2 Schlafzimmer, 2 B\u00e4der, 1 kleiner Flur mit Schrank sowie eine Wohn-Essk\u00fcche zur Verf\u00fcgung.  Auf Wunsch k\u00f6nnen wir Ihnen gerne ein Zustell- oder Kinderbett zur Verf\u00fcgung stellen. <\/p>\n\n\n\n<figure class=\"wp-block-image size-large\"><img loading=\"lazy\" decoding=\"async\" width=\"1024\" height=\"341\" src=\"https:\/\/www.bei-peppo.de\/wp-content\/uploads\/Peppo-2022-d-1024x341.jpg\" alt=\"\" class=\"wp-image-446\" srcset=\"https:\/\/www.bei-peppo.de\/wp-content\/uploads\/Peppo-2022-d-1024x341.jpg 1024w, https:\/\/www.bei-peppo.de\/wp-content\/uploads\/Peppo-2022-d-300x100.jpg 300w, https:\/\/www.bei-peppo.de\/wp-content\/uploads\/Peppo-2022-d-768x256.jpg 768w, https:\/\/www.bei-peppo.de\/wp-content\/uploads\/Peppo-2022-d-1536x512.jpg 1536w, https:\/\/www.bei-peppo.de\/wp-content\/uploads\/Peppo-2022-d.jpg 1600w\" sizes=\"auto, (max-width: 1024px) 100vw, 1024px\" \/><\/figure>\n\n\n\n<p>Selbstverst\u00e4ndlich handelt es sich um eine <strong>Nichtraucherwohnung<\/strong>. In den Schlafzimmern stehen Ihnen  <strong>Sat-TV<\/strong> und Telefon zur Verf\u00fcgung. Die B\u00e4der verf\u00fcgen \u00fcber <strong>Dusche, Waschm\u00f6glichkeit und WC <\/strong>sowie einem <strong>Haartrockner.<\/strong> <\/p>\n\n\n\n<p>In der gem\u00fctlichen Wohn-Essk\u00fcche finden Sie eine bestens ausgestattet K\u00fcche vor. Neben Geschirr, Besteck, T\u00f6pfen und Pfannen, stellen wir Ihnen auch eine kleine <strong>Kaffee-Pad-Maschine<\/strong> zur Verf\u00fcgung. An <strong>Herd <\/strong>und <strong>Backofen <\/strong>k\u00f6nnen Sie Ihre Speisen zubereiten und am Ende wandert ihr Geschirr in die ebenfalls vorhandene <strong>Sp\u00fclmaschine<\/strong>. <\/p>\n\n\n\n<p>Kostenfreies <strong>WLAN<\/strong> ist nat\u00fcrlich \u00fcberall verf\u00fcgbar. <\/p>\n\n\n\n<p><\/p>\n\n\n\n<p><strong>Parkpl\u00e4tze <\/strong>stehen direkt vor der Wohnung in ausreichender Anzahl zur Verf\u00fcgung. Auch <strong>Fahrr\u00e4der<\/strong> k\u00f6nnen Sie kostenfrei bei uns unterstellen.<\/p>\n\n\n\n<hr class=\"wp-block-separator\"\/>\n\n\n\n<p>Anfragen und Buchungen bitte per <a href=\"mailto:info@bei-peppo.de\">E-Mail<\/a>, Telefon oder \u00fcber unser <a href=\"https:\/\/www.bei-peppo.de\/?page_id=121\" data-type=\"URL\" data-id=\"https:\/\/www.bei-peppo.de\/?page_id=121\">Kontaktformular<\/a>, oder ganz einfach direkt per <strong><a href=\"https:\/\/www.bei-peppo.de\/?page_id=63\" data-type=\"page\" data-id=\"63\" target=\"_blank\" rel=\"noreferrer noopener\">Onlinebuchung<\/a><\/strong>!<\/p>\n\n\n\n[ngg src=&#8220;galleries&#8220; ids=&#8220;1&#8243; display=&#8220;basic_imagebrowser&#8220;]\n\n\n\n<figure class=\"wp-block-image size-large is-resized center\"><img decoding=\"async\" src=\"https:\/\/www.bei-peppo.de\/wp-content\/uploads\/grundriss-ferienwohnung-1024x743.png\" alt=\"Grundriss Ferienwohnung\" class=\"wp-image-444\" width=\"600\" srcset=\"https:\/\/www.bei-peppo.de\/wp-content\/uploads\/grundriss-ferienwohnung-1024x743.png 1024w, https:\/\/www.bei-peppo.de\/wp-content\/uploads\/grundriss-ferienwohnung-300x218.png 300w, https:\/\/www.bei-peppo.de\/wp-content\/uploads\/grundriss-ferienwohnung-768x558.png 768w, https:\/\/www.bei-peppo.de\/wp-content\/uploads\/grundriss-ferienwohnung.png 1164w\" sizes=\"(max-width: 1024px) 100vw, 1024px\" \/><figcaption>Grundriss Ferienwohnung<\/figcaption><\/figure>\n","protected":false},"excerpt":{"rendered":"<p>Der Gast steht im Mittelpunkt!<\/p>\n<p>Unter diesem Motto d\u00fcrfen wir Sie in unserer gem\u00fctlichen Ferienwohnung willkommen hei\u00dfen. Famili\u00e4re Atmosph\u00e4re und eine geschmackvoll eingerichtete Wohnung erwarten Sie.<\/p>\n","protected":false},"author":1,"featured_media":224,"parent":0,"menu_order":0,"comment_status":"closed","ping_status":"closed","template":"","meta":{"footnotes":""},"class_list":["post-9","page","type-page","status-publish","has-post-thumbnail","hentry"],"_links":{"self":[{"href":"https:\/\/www.bei-peppo.de\/index.php?rest_route=\/wp\/v2\/pages\/9","targetHints":{"allow":["GET"]}}],"collection":[{"href":"https:\/\/www.bei-peppo.de\/index.php?rest_route=\/wp\/v2\/pages"}],"about":[{"href":"https:\/\/www.bei-peppo.de\/index.php?rest_route=\/wp\/v2\/types\/page"}],"author":[{"embeddable":true,"href":"https:\/\/www.bei-peppo.de\/index.php?rest_route=\/wp\/v2\/users\/1"}],"replies":[{"embeddable":true,"href":"https:\/\/www.bei-peppo.de\/index.php?rest_route=%2Fwp%2Fv2%2Fcomments&post=9"}],"version-history":[{"count":40,"href":"https:\/\/www.bei-peppo.de\/index.php?rest_route=\/wp\/v2\/pages\/9\/revisions"}],"predecessor-version":[{"id":463,"href":"https:\/\/www.bei-peppo.de\/index.php?rest_route=\/wp\/v2\/pages\/9\/revisions\/463"}],"wp:featuredmedia":[{"embeddable":true,"href":"https:\/\/www.bei-peppo.de\/index.php?rest_route=\/wp\/v2\/media\/224"}],"wp:attachment":[{"href":"https:\/\/www.bei-peppo.de\/index.php?rest_route=%2Fwp%2Fv2%2Fmedia&parent=9"}],"curies":[{"name":"wp","href":"https:\/\/api.w.org\/{rel}","templated":true}]}}