{"id":91,"date":"2019-06-23T08:45:09","date_gmt":"2019-06-23T06:45:09","guid":{"rendered":"http:\/\/www.bei-peppo.de\/?page_id=91"},"modified":"2019-06-29T10:10:24","modified_gmt":"2019-06-29T08:10:24","slug":"impressum","status":"publish","type":"page","link":"https:\/\/www.bei-peppo.de\/?page_id=91","title":{"rendered":"Impressum"},"content":{"rendered":"\n<table class=\"wp-block-table is-style-stripes\"><tbody><tr><td><strong>Anbieterinformationen<\/strong><br>Restaurant und Garni &#8211; Bei Peppo<br>Gesch\u00e4ftsf\u00fchrer: Christian Poli<br>Sandhof 1<br>96106 Ebern<br>Deutschland\u00a0<br>+49 9531 5476\u00a0<br>+49 9531 4662\u00a0<br><a href=\"https:\/\/www.bei-peppo.de\/\">www.bei-peppo.de<\/a>\u00a0<br><a href=\"mailto:info@bei-peppo.de\">info@bei-peppo.de<\/a><br><\/td><\/tr><tr><td><strong>Rechtliche Angaben<\/strong><br>USt.ID.nr. gem\u00e4\u00df \u00a7 27 a Umsatzsteuergesetz: DE219398822<br><br><\/td><\/tr><tr><td>Trotz sorgf\u00e4ltiger inhaltlicher Kontrolle \u00fcbernehmen wir keine Haftung f\u00fcr die Inhalte externer Links. F\u00fcr den Inhalt der verlinkten Seiten sind ausschlie\u00dflich deren Betreiber verantwortlich.Alle hier verwendeten Namen, Begriffe, Zeichen und Grafiken k\u00f6nnen Marken- oder Warenzeichen im Besitze ihrer rechtlichen Eigent\u00fcmer sein. Die Rechte aller erw\u00e4hnten und benutzten Marken- und Warenzeichen liegen ausschlie\u00dflich bei deren Besitzern.<\/td><\/tr><\/tbody><\/table>\n","protected":false},"excerpt":{"rendered":"<p>AnbieterinformationenRestaurant und Garni &#8211; Bei PeppoGesch\u00e4ftsf\u00fchrer: Christian PoliSandhof 196106 EbernDeutschland\u00a0+49 9531 5476\u00a0+49 9531 4662\u00a0www.bei-peppo.de\u00a0info@bei-peppo.de Rechtliche AngabenUSt.ID.nr. gem\u00e4\u00df \u00a7 27 a Umsatzsteuergesetz: DE219398822 Trotz sorgf\u00e4ltiger inhaltlicher Kontrolle \u00fcbernehmen wir keine Haftung f\u00fcr die Inhalte externer Links. F\u00fcr den Inhalt der verlinkten<\/p>\n","protected":false},"author":1,"featured_media":0,"parent":0,"menu_order":0,"comment_status":"closed","ping_status":"closed","template":"","meta":{"footnotes":""},"class_list":["post-91","page","type-page","status-publish","hentry"],"_links":{"self":[{"href":"https:\/\/www.bei-peppo.de\/index.php?rest_route=\/wp\/v2\/pages\/91","targetHints":{"allow":["GET"]}}],"collection":[{"href":"https:\/\/www.bei-peppo.de\/index.php?rest_route=\/wp\/v2\/pages"}],"about":[{"href":"https:\/\/www.bei-peppo.de\/index.php?rest_route=\/wp\/v2\/types\/page"}],"author":[{"embeddable":true,"href":"https:\/\/www.bei-peppo.de\/index.php?rest_route=\/wp\/v2\/users\/1"}],"replies":[{"embeddable":true,"href":"https:\/\/www.bei-peppo.de\/index.php?rest_route=%2Fwp%2Fv2%2Fcomments&post=91"}],"version-history":[{"count":5,"href":"https:\/\/www.bei-peppo.de\/index.php?rest_route=\/wp\/v2\/pages\/91\/revisions"}],"predecessor-version":[{"id":170,"href":"https:\/\/www.bei-peppo.de\/index.php?rest_route=\/wp\/v2\/pages\/91\/revisions\/170"}],"wp:attachment":[{"href":"https:\/\/www.bei-peppo.de\/index.php?rest_route=%2Fwp%2Fv2%2Fmedia&parent=91"}],"curies":[{"name":"wp","href":"https:\/\/api.w.org\/{rel}","templated":true}]}}